{"id":90,"date":"2016-05-11T15:56:29","date_gmt":"2016-05-11T18:56:29","guid":{"rendered":"https:\/\/entrecores.com.br\/shop\/\/?page_id=90"},"modified":"2024-09-12T19:12:46","modified_gmt":"2024-09-12T22:12:46","slug":"a-artista","status":"publish","type":"page","link":"https:\/\/entrecores.com.br\/shop\/a-artista\/","title":{"rendered":"A Artista"},"content":{"rendered":"<div class=\"wpb-content-wrapper\"><p>[vc_row css=&#8221;.vc_custom_1462993955399{padding-top: 40px !important;padding-left: 30px !important;}&#8221;][vc_column][vc_row_inner][vc_column_inner width=&#8221;2\/3&#8243;]<div id=\"cz_94698\" class=\"cz_94698 cz_title clr cz_title_pos_inline\"><div class=\"cz_title_content\"><div class=\"cz_wpe_content\"><p><b>Stella Gomide<\/b>\u00a0\u00e9 paulistana, formada em Desenho e Pl\u00e1stica pela Universidade Mackenzie e Licenciatura pela Faculdade Santa Marcelina. Realizou cursos de desenho com Carlos Fajardo, C\u00e1ssio Michalany, no Museu Brasileiro de Escultura, Pr\u00e1tica de Desenho com Modelo vivo no Centro Cultural Vergueiro, pintura com Newmann Schutze e Maazo Rek.<\/p>\n<p>&nbsp;<\/p>\n<p>Participou de v\u00e1rias exposi\u00e7\u00f5es no Brasil e no exterior, tendo recebido diversas premia\u00e7\u00f5es.<\/p>\n<\/div><\/div><\/div><div class=\"cz_gap clr \" style=\"height: 50px\"><\/div><ul id=\"cz_93063\" class=\"cz_93063 cz_stylish_list clr cz_sl_icon_hover_none\"><li class=\"clr\"><div class=\"cz_sl_icon\"><i class=\"fa fa-angle-right mr10\"><\/i><\/div><div><span>1\u00ba lugar no Concurso de Pintura da Acesc (Associa\u00e7\u00e3o de Clubes Esportistas e S\u00f3cio-Culturais de S\u00e3o Paulo) \u2013 2003<\/span><\/div><\/li><li class=\"clr\"><div class=\"cz_sl_icon\"><i class=\"fa fa-angle-right mr10\"><\/i><\/div><div><span>Men\u00e7\u00e3o Honrosa XIV, Circuito Internacional Arte Brasileira \u2013 2009<\/span><\/div><\/li><li class=\"clr\"><div class=\"cz_sl_icon\"><i class=\"fa fa-angle-right mr10\"><\/i><\/div><div><span>Medalha de Ouro, V Sal\u00e3o Nacional de Artes Pl\u00e1sticas, Museu da Marinha \u2013 2010<\/span><\/div><\/li><li class=\"clr\"><div class=\"cz_sl_icon\"><i class=\"fa fa-angle-right mr10\"><\/i><\/div><div><span>Medalha de Ouro, Pr\u00eamio Aquisitivo Sal\u00e3o Nacional de Artes Pl\u00e1sticas, Campinas<\/span><\/div><\/li><\/ul><div class=\"cz_gap clr \" style=\"height: 50px\"><\/div><div id=\"cz_67972\" class=\"cz_67972 cz_title clr cz_title_pos_inline\"><div class=\"cz_title_content\"><div class=\"cz_wpe_content\"><p>Algumas exposi\u00e7\u00f5es internacionais:<\/p>\n<\/div><\/div><\/div><div class=\"cz_gap clr \" style=\"height: 50px\"><\/div><ul id=\"cz_29100\" class=\"cz_29100 cz_stylish_list clr cz_sl_icon_hover_none\"><li class=\"clr\"><div class=\"cz_sl_icon\"><i class=\"fa fa-angle-right mr10\"><\/i><\/div><div><span>Feira Mundial de Arte, em Nova Iorque (Artexpo)<\/span><\/div><\/li><li class=\"clr\"><div class=\"cz_sl_icon\"><i class=\"fa fa-angle-right mr10\"><\/i><\/div><div><span>XIV Circuito Internacional de Arte Brasileira, \u00c1ustria, Hungria, Eslov\u00e1quia e Santiago<\/span><\/div><\/li><li class=\"clr\"><div class=\"cz_sl_icon\"><i class=\"fa fa-angle-right mr10\"><\/i><\/div><div><span>Artspace Galleries, Paris<\/span><\/div><\/li><li class=\"clr\"><div class=\"cz_sl_icon\"><i class=\"fa fa-angle-right mr10\"><\/i><\/div><div><span>XV Circuito Internacional de Arte Brasileira, Galeria Berlim am Meer (Berlim), Galeria D\u00f3lmen (Praga, Rep\u00fablica Tcheca), Galeria Meeting Art (Lisboa) e SOFA \u2013 Sculpture Objects & Funcional Art (Chicago)<\/span><\/div><\/li><li class=\"clr\"><div class=\"cz_sl_icon\"><i class=\"fa fa-angle-right mr10\"><\/i><\/div><div><span>\"Chovendo Arte em Berlim\", Galeria Berlim an Meer (Berlim)<\/span><\/div><\/li><\/ul><div class=\"cz_gap clr \" style=\"height: 50px\"><\/div><div id=\"cz_24043\" class=\"cz_24043 cz_title clr cz_title_pos_inline\"><div class=\"cz_title_content\"><div class=\"cz_wpe_content\"><p>Nos \u00faltimos anos vem desenvolvendo trabalhos em diferentes suportes e t\u00e9cnicas, como desenhos sobre caixas de suco abertas (Tetrapak), trazendo assim a sustentabilidade em suas obras.<\/p>\n<p>&nbsp;<\/p>\n<p>Participou do curso \u201cPo\u00e9ticas Visuais de Intera\u00e7\u00e3o\u201d, no Museu de Arte Contempor\u00e2nea de S\u00e3o Paulo, sob a orienta\u00e7\u00e3o de Sylvio Coutinho.<\/p>\n<\/div><\/div><\/div>[\/vc_column_inner][vc_column_inner width=&#8221;1\/3&#8243;]<div id=\"cz_57821\" class=\"cz_57821 cz_image clr cz_image_no_fx center_on_mobile\"><div class=\"\" ><div class=\"cz_image_in\"><div class=\"cz_main_image\"><img decoding=\"async\" width=\"509\" height=\"600\" src=\"https:\/\/entrecores.com.br\/shop\/wp-content\/uploads\/2024\/09\/dest-stella-gomide.webp\" class=\"attachment-full\" alt=\"\" title=\"A Artista - Stella Gomide\" srcset=\"https:\/\/entrecores.com.br\/shop\/wp-content\/uploads\/2024\/09\/dest-stella-gomide.webp 509w, https:\/\/entrecores.com.br\/shop\/wp-content\/uploads\/2024\/09\/dest-stella-gomide-255x300.webp 255w\" sizes=\"(max-width: 509px) 100vw, 509px\" \/><\/div><\/div><\/div><\/div><div class=\"cz_gap clr \" style=\"height: 50px\"><\/div><div class=\"cz_btn_center\"><div class=\"cz_17333_p\"><a id=\"cz_17333\" class=\"cz_17333 cz_btn cz_btn_txt_no_fx cz_btn_no_fx\" href=\"http:\/\/www.entrecores.com.br\/shop\/wp-content\/uploads\/2016\/12\/curriculo_stellagomide.pdf\" target=\"_blank\"><span><i class=\"fas fa-file-lines\"><\/i><strong>VISUALIZAR CURR\u00cdCULO<\/strong><\/span><b class=\"cz_btn_onhover\"><i class=\"fas fa-file-lines\"><\/i><strong>VISUALIZAR CURR\u00cdCULO<\/strong><\/b><\/a><\/div><\/div>[\/vc_column_inner][\/vc_row_inner][\/vc_column][\/vc_row][vc_row][vc_column]<div class=\"cz_gap clr \" style=\"height: 80px\"><\/div>[\/vc_column][\/vc_row][vc_row][vc_column width=&#8221;1\/6&#8243;][\/vc_column][vc_column width=&#8221;2\/3&#8243;]<div id=\"cz_94798\" class=\"cz_94798 cz_testimonials cz_testimonials_s4\"><div class=\"cz_testimonials_content\"><div class=\"cz_testimonials_meta\"><div class=\"cz_testimonials_avatar\"><img decoding=\"async\" width=\"150\" height=\"150\" src=\"https:\/\/entrecores.com.br\/shop\/wp-content\/uploads\/2024\/09\/2329256140_5040e19fd4-150x150.jpg\" class=\"attachment-thumbnail\" alt=\"\" title=\"2329256140_5040e19fd4\" srcset=\"https:\/\/entrecores.com.br\/shop\/wp-content\/uploads\/2024\/09\/2329256140_5040e19fd4-150x150.jpg 150w, https:\/\/entrecores.com.br\/shop\/wp-content\/uploads\/2024\/09\/2329256140_5040e19fd4-100x100.jpg 100w\" sizes=\"(max-width: 150px) 100vw, 150px\" \/><\/div><div class=\"cz_testimonials_name_subname\"><div class=\"cz_testimonials_name\">Emanuel Von Lauenstein Massarani<\/div><\/div><\/div><div class=\"cz_wpe_content\">As obras de Stella Gomide re\u00fanem, de modo quase enigm\u00e1tico, a solu\u00e7\u00e3o gradual de uma precisa tese filos\u00f3fica, onde consegue conciliar no plano pict\u00f3rico os conceitos de &#8220;finito&#8221; e &#8220;infinito&#8221;, no constante respeito \u00e0s suas intr\u00ednsecas dimens\u00f5es.<\/p>\n<p>&nbsp;<\/p>\n<p>Suas telas n\u00e3o se limitam \u00e0 simples representa\u00e7\u00e3o est\u00e1tica dos dois conceitos, mas tamb\u00e9m por fases sucessivas, p\u00f5e em evidencia a din\u00e2mica dentro das quais evoluem na busca de um ponto de encontro.<\/p>\n<p>&nbsp;<\/p>\n<p>O perfil da cidade em seus edif\u00edcios, seus parques, suas casas e \u00e1rvores s\u00e3o pretextos que se inserem num contexto de uma paisagem impressionista, em outras ocasi\u00f5es geom\u00e9trica, onde tra\u00e7o e cromatismo exprimem a vis\u00e3o de um mundo que a artista possui dentro de si.<\/p>\n<p>&nbsp;<\/p>\n<p>Sobre a tela, os gestos comedidos da artista se carregam de lirismo, o tom pacato e tranquilo se torna uma mensagem de amor pela tem\u00e1tica escolhida, onde seu pincel acaricia a tela atrav\u00e9s de cores suaves. Se suas obras revelam candura e pureza, seja no tra\u00e7o e no enquadramento, na cor reafirmam a habilidade de &#8220;metier&#8221;.<\/div><\/div><\/div>[\/vc_column][vc_column width=&#8221;1\/6&#8243;][\/vc_column][\/vc_row][vc_row][vc_column]<div class=\"cz_gap clr \" style=\"height: 80px\"><\/div>[\/vc_column][\/vc_row][vc_row][vc_column width=&#8221;1\/2&#8243;]<div id=\"cz_68366\" data-arrows='{\"open\":\"fa fa-angle-down\",\"close\":\"fa fa-angle-up\"}' class=\"cz_68366 cz_acc clr\"><div><div id=\"cz_39090\"><span class=\"cz_acc_child\"><div>Fragmentos do texto de Antonio Carlos Suster Abdalla, critico de arte e curador, escrito para o cat\u00e1logo rec\u00e9m lan\u00e7ado da artista.<\/div><\/span><div class=\"cz_acc_child_content clr\"><div id=\"cz_62434\" class=\"cz_62434 cz_title clr cz_title_pos_inline\"><div class=\"cz_title_content\"><div class=\"cz_wpe_content\"><p>&#8220;Admiro de antem\u00e3o os artistas que cultivam e conhecem o desenho\u2026.. Stella Gomide estudou desenho com redobrado interesse e \u2013 em qualquer das t\u00e9cnicas e suportes que se utilize em suas obras \u2013 fica claro esse dom\u00ednio.<br \/>\nStella Gomide tem um desenho denso, e percebe-se que dedica tempo e grande aten\u00e7\u00e3o aos temas que escolhe e \u00e0 execu\u00e7\u00e3o, sempre com bons resultados. Na sua trajet\u00f3ria de forma\u00e7\u00e3o \u00e9 significativo que tenha estudado desenho com renomados professores. Sua base de trabalho foi bem assentada e \u00e9 segura. Do desenho \u00e0 pintura \u2013 passagem onde muitas vezes se perdem alguns artistas \u2013 constata-se um resultado igualmente v\u00e1lido e amoroso. Stella parece sempre escolher o tema urbano e do homem inserido nessa complexa e nem sempre f\u00e1cil conviv\u00eancia com a cidade. Nas obras onde as figuras humanas s\u00e3o destaque isolado d\u00e1 para se auferir que ali, no espa\u00e7o fechado da tela, os corpos se movimentam com certa ang\u00fastia. E com expectativas de sa\u00edrem para o exterior do cub\u00edculo da tela, para a cidade, por assim dizer. Mant\u00e9m-se a\u00ed a refer\u00eancia ao urbano, como se viver na cidade fosse liberta\u00e7\u00e3o, e n\u00e3o confinamento.<br \/>\nTransportando esse caminho para a colagem e o recorte, com t\u00e9cnica original, h\u00e1 uma fus\u00e3o entre o natural e o citadino numa boa manifesta\u00e7\u00e3o da arte sustent\u00e1vel. Particularmente me interessam os trabalhos em relevo \u201cmontados\u201d em caixas de TetraPark \u2013 material constantemente presente no dia-a-dia de todos n\u00f3s, como, por exemplo, nas quase onipresentes caixas de leite UHT, material facilmente descart\u00e1vel e, como tanta coisa mais, dif\u00edcil de ser afastado da conviv\u00eancia humana e destru\u00eddo. Acho relevante que as obras deste segmento sejam trabalhadas em preto e prata, dando uma ideia de noite, de lua, de algo escuro e que permeia tudo, quase misterioso. E a constru\u00e7\u00e3o dessas obras, muitas vezes, revela andares (pr\u00e9dios?), mais uma vez tudo inserido na vida urbana.<br \/>\nEm trabalhos mais recentes, h\u00e1 as mesmas estruturas construtivas, mas agora com a figura quase de todo abstra\u00edda. Uma abstra\u00e7\u00e3o geometrizada e com telas irregularmente recortadas. Talvez a\u00ed resida mais um alerta a fragmenta\u00e7\u00e3o do humano, isolado em cub\u00edculos (de novo, pr\u00e9dios?) numa dif\u00edcil conviv\u00eancia com a natureza livre, apartado de valores fundamentais e buscando uma sa\u00edda honrosa (a utopia da vida sustent\u00e1vel) que evite o naufr\u00e1gio previsto, mas n\u00e3o desej\u00e1vel.&#8221;<\/p>\n<\/div><\/div><\/div><\/div><\/div><\/div><\/div>[\/vc_column][vc_column width=&#8221;1\/2&#8243;]<div id=\"cz_68366\" data-arrows='{\"open\":\"fa fa-angle-down\",\"close\":\"fa fa-angle-up\"}' class=\"cz_68366 cz_acc clr\"><div><div id=\"cz_46556\"><span class=\"cz_acc_child\"><div>Drawing as a premise Antonio Carlos Suster Abdalla.<\/div><\/span><div class=\"cz_acc_child_content clr\"><div id=\"cz_88894\" class=\"cz_88894 cz_title clr cz_title_pos_inline\"><div class=\"cz_title_content\"><div class=\"cz_wpe_content\"><p><em>&#8220;I unconditionally admire artists who cultivate and know drawing.<br \/>\nStella Gomide studied drawing with redoubled interest and her mastery of the craft is evident in any of the techniques and media she uses in her work.<br \/>\nStella Gomide\u2019s drawings are dense, and one realizes that she devotes time and great attention to the themes she chooses and to their execution, always with good results. In her formation path, it is signifcant that she has studied drawing with renowned teachers. Her groundwork has been well laid and is secure.<br \/>\nFrom drawing to painting \u2013 a transition where often some artists lose direction \u2013 an equally valid and loving result can be ascertained. Stela always seems to choose the urban theme, dealing with humankind involved in its complex and not always easy coexistence with the city. In pieces where the human figure is in the forefront, it can be noticed that the bodies move with some anguish in the closed space of the canvas. One could say that they long to go outside the cubicle of the canvas, to leave for the city. Thus the reference to the urban theme is maintained, as if living in the city were a release and not a confinement.<br \/>\nWhen this path is carried over to collage and papercutting, with an original technique, there is a fusion between natural and urban environments in a healthy display of sustainable art. I am particularly interested in her pieces that are \u201cassembled\u201d in relief on Tetra Pak packaging \u2013 a material that is a constant presence in our daily lives, as in the almost ubiquitous UHT milk cartons, and is easily disposable but, like so many other items, hard to be removed from the urban environment and destroyed. I find it relevant that the works in this segment are crafted in black and silver, with a hint of night, of moonlight, of something dark and almost mysterious that permeates everything. And their construction often reveals stories (buildings?), once again completely immerged in urban life.<br \/>\nAnd then we arrive at her most recent works, maintaining the same constructive structures but with the fgure almost totally abstracted \u2013 a geometrized abstraction on irregularly cut canvases. Perhaps this yet one more alert about human fragmentation, about isolation in cubicles (again, buildings?) in a troubled coexistence with free nature, disconnected from fundamental values and seeking an honorable way out (the utopia of sustainable living) which could avoid the foreseen \u2013 but undesirable \u2013 disaster.&#8221;<\/em><\/p>\n<p>Tradu\u00e7\u00e3o de Pedro Conti<\/p>\n<\/div><\/div><\/div><\/div><\/div><\/div><\/div>[\/vc_column][\/vc_row]<\/p>\n<\/div>","protected":false},"excerpt":{"rendered":"<p>[vc_row css=&#8221;.vc_custom_1462993955399{padding-top: 40px !important;padding-left: 30px !important;}&#8221;][vc_column][vc_row_inner][vc_column_inner width=&#8221;2\/3&#8243;][\/vc_column_inner][vc_column_inner width=&#8221;1\/3&#8243;][\/vc_column_inner][\/vc_row_inner][\/vc_column][\/vc_row][vc_row][vc_column][\/vc_column][\/vc_row][vc_row][vc_column width=&#8221;1\/6&#8243;][\/vc_column][vc_column width=&#8221;2\/3&#8243;][\/vc_column][vc_column width=&#8221;1\/6&#8243;][\/vc_column][\/vc_row][vc_row][vc_column][\/vc_column][\/vc_row][vc_row][vc_column &#8230; <\/p>\n","protected":false},"author":1,"featured_media":0,"parent":0,"menu_order":0,"comment_status":"closed","ping_status":"closed","template":"","meta":{"footnotes":""},"class_list":["post-90","page","type-page","status-publish","hentry"],"_links":{"self":[{"href":"https:\/\/entrecores.com.br\/shop\/wp-json\/wp\/v2\/pages\/90"}],"collection":[{"href":"https:\/\/entrecores.com.br\/shop\/wp-json\/wp\/v2\/pages"}],"about":[{"href":"https:\/\/entrecores.com.br\/shop\/wp-json\/wp\/v2\/types\/page"}],"author":[{"embeddable":true,"href":"https:\/\/entrecores.com.br\/shop\/wp-json\/wp\/v2\/users\/1"}],"replies":[{"embeddable":true,"href":"https:\/\/entrecores.com.br\/shop\/wp-json\/wp\/v2\/comments?post=90"}],"version-history":[{"count":52,"href":"https:\/\/entrecores.com.br\/shop\/wp-json\/wp\/v2\/pages\/90\/revisions"}],"predecessor-version":[{"id":2002,"href":"https:\/\/entrecores.com.br\/shop\/wp-json\/wp\/v2\/pages\/90\/revisions\/2002"}],"wp:attachment":[{"href":"https:\/\/entrecores.com.br\/shop\/wp-json\/wp\/v2\/media?parent=90"}],"curies":[{"name":"wp","href":"https:\/\/api.w.org\/{rel}","templated":true}]}}