{"id":129,"date":"2016-05-11T16:57:24","date_gmt":"2016-05-11T19:57:24","guid":{"rendered":"https:\/\/entrecores.com.br\/shop\/\/?post_type=product&#038;p=129"},"modified":"2025-08-28T15:58:47","modified_gmt":"2025-08-28T18:58:47","slug":"cenas-de-sao-paulo","status":"publish","type":"product","link":"https:\/\/entrecores.com.br\/shop\/produto\/cenas-de-sao-paulo\/","title":{"rendered":"Cenas de S\u00e3o Paulo  (cole\u00e7\u00e3o particular)"},"content":{"rendered":"<p>Cole\u00e7\u00e3o particular<\/p>\n","protected":false},"excerpt":{"rendered":"<p>Dimens\u00f5es:\u00a090 x 130 cm &#8230; <\/p>\n","protected":false},"featured_media":364,"template":"","meta":[],"product_cat":[8],"product_tag":[],"class_list":{"0":"post-129","1":"product","2":"type-product","3":"status-publish","4":"has-post-thumbnail","6":"product_cat-as-cidades","8":"first","9":"instock","10":"shipping-taxable","11":"purchasable","12":"product-type-simple"},"_links":{"self":[{"href":"https:\/\/entrecores.com.br\/shop\/wp-json\/wp\/v2\/product\/129"}],"collection":[{"href":"https:\/\/entrecores.com.br\/shop\/wp-json\/wp\/v2\/product"}],"about":[{"href":"https:\/\/entrecores.com.br\/shop\/wp-json\/wp\/v2\/types\/product"}],"wp:featuredmedia":[{"embeddable":true,"href":"https:\/\/entrecores.com.br\/shop\/wp-json\/wp\/v2\/media\/364"}],"wp:attachment":[{"href":"https:\/\/entrecores.com.br\/shop\/wp-json\/wp\/v2\/media?parent=129"}],"wp:term":[{"taxonomy":"product_cat","embeddable":true,"href":"https:\/\/entrecores.com.br\/shop\/wp-json\/wp\/v2\/product_cat?post=129"},{"taxonomy":"product_tag","embeddable":true,"href":"https:\/\/entrecores.com.br\/shop\/wp-json\/wp\/v2\/product_tag?post=129"}],"curies":[{"name":"wp","href":"https:\/\/api.w.org\/{rel}","templated":true}]}}