{"id":131,"date":"2016-05-11T16:58:38","date_gmt":"2016-05-11T19:58:38","guid":{"rendered":"https:\/\/entrecores.com.br\/shop\/\/produto\/pedestres-sobre-o-viaduto\/"},"modified":"2025-08-28T15:58:37","modified_gmt":"2025-08-28T18:58:37","slug":"pedestres-sobre-o-viaduto","status":"publish","type":"product","link":"https:\/\/entrecores.com.br\/shop\/produto\/pedestres-sobre-o-viaduto\/","title":{"rendered":"Pedestres sobre o Viaduto (cole\u00e7\u00e3o particular)"},"content":{"rendered":"","protected":false},"excerpt":{"rendered":"<p>Dimens\u00f5es:\u00a0100 x 100 cm &#8230; <\/p>\n","protected":false},"featured_media":132,"template":"","meta":[],"product_cat":[8],"product_tag":[],"class_list":{"0":"post-131","1":"product","2":"type-product","3":"status-publish","4":"has-post-thumbnail","6":"product_cat-as-cidades","8":"first","9":"instock","10":"shipping-taxable","11":"purchasable","12":"product-type-simple"},"_links":{"self":[{"href":"https:\/\/entrecores.com.br\/shop\/wp-json\/wp\/v2\/product\/131"}],"collection":[{"href":"https:\/\/entrecores.com.br\/shop\/wp-json\/wp\/v2\/product"}],"about":[{"href":"https:\/\/entrecores.com.br\/shop\/wp-json\/wp\/v2\/types\/product"}],"wp:featuredmedia":[{"embeddable":true,"href":"https:\/\/entrecores.com.br\/shop\/wp-json\/wp\/v2\/media\/132"}],"wp:attachment":[{"href":"https:\/\/entrecores.com.br\/shop\/wp-json\/wp\/v2\/media?parent=131"}],"wp:term":[{"taxonomy":"product_cat","embeddable":true,"href":"https:\/\/entrecores.com.br\/shop\/wp-json\/wp\/v2\/product_cat?post=131"},{"taxonomy":"product_tag","embeddable":true,"href":"https:\/\/entrecores.com.br\/shop\/wp-json\/wp\/v2\/product_tag?post=131"}],"curies":[{"name":"wp","href":"https:\/\/api.w.org\/{rel}","templated":true}]}}