{"id":150,"date":"2016-05-11T17:25:47","date_gmt":"2016-05-11T20:25:47","guid":{"rendered":"https:\/\/entrecores.com.br\/shop\/\/produto\/sao-paulo-in-black-i\/"},"modified":"2025-08-28T11:34:04","modified_gmt":"2025-08-28T14:34:04","slug":"sao-paulo-in-black-i","status":"publish","type":"product","link":"https:\/\/entrecores.com.br\/shop\/produto\/sao-paulo-in-black-i\/","title":{"rendered":"S\u00e3o Paulo in Black I"},"content":{"rendered":"<p>Cole\u00e7\u00e3o particular<\/p>\n","protected":false},"excerpt":{"rendered":"<p>Dimens\u00f5es:\u00a083 x 138 cm &#8230; <\/p>\n","protected":false},"featured_media":361,"template":"","meta":[],"product_cat":[7],"product_tag":[],"class_list":{"0":"post-150","1":"product","2":"type-product","3":"status-publish","4":"has-post-thumbnail","6":"product_cat-arte-sustentavel","8":"first","9":"instock","10":"shipping-taxable","11":"purchasable","12":"product-type-simple"},"_links":{"self":[{"href":"https:\/\/entrecores.com.br\/shop\/wp-json\/wp\/v2\/product\/150"}],"collection":[{"href":"https:\/\/entrecores.com.br\/shop\/wp-json\/wp\/v2\/product"}],"about":[{"href":"https:\/\/entrecores.com.br\/shop\/wp-json\/wp\/v2\/types\/product"}],"wp:featuredmedia":[{"embeddable":true,"href":"https:\/\/entrecores.com.br\/shop\/wp-json\/wp\/v2\/media\/361"}],"wp:attachment":[{"href":"https:\/\/entrecores.com.br\/shop\/wp-json\/wp\/v2\/media?parent=150"}],"wp:term":[{"taxonomy":"product_cat","embeddable":true,"href":"https:\/\/entrecores.com.br\/shop\/wp-json\/wp\/v2\/product_cat?post=150"},{"taxonomy":"product_tag","embeddable":true,"href":"https:\/\/entrecores.com.br\/shop\/wp-json\/wp\/v2\/product_tag?post=150"}],"curies":[{"name":"wp","href":"https:\/\/api.w.org\/{rel}","templated":true}]}}