{"id":158,"date":"2016-05-11T17:38:43","date_gmt":"2016-05-11T20:38:43","guid":{"rendered":"https:\/\/entrecores.com.br\/shop\/\/produto\/sao-paulo-in-blue\/"},"modified":"2024-09-19T11:00:57","modified_gmt":"2024-09-19T14:00:57","slug":"sao-paulo-in-blue","status":"publish","type":"product","link":"https:\/\/entrecores.com.br\/shop\/produto\/sao-paulo-in-blue\/","title":{"rendered":"S\u00e3o Paulo in Blue"},"content":{"rendered":"<p>Cole\u00e7\u00e3o particular<\/p>\n","protected":false},"excerpt":{"rendered":"<p>Dimens\u00f5es:\u00a093 x 153 cm &#8230; <\/p>\n","protected":false},"featured_media":362,"template":"","meta":[],"product_cat":[10],"product_tag":[],"class_list":{"0":"post-158","1":"product","2":"type-product","3":"status-publish","4":"has-post-thumbnail","6":"product_cat-geometricos","8":"first","9":"instock","10":"shipping-taxable","11":"purchasable","12":"product-type-simple"},"_links":{"self":[{"href":"https:\/\/entrecores.com.br\/shop\/wp-json\/wp\/v2\/product\/158"}],"collection":[{"href":"https:\/\/entrecores.com.br\/shop\/wp-json\/wp\/v2\/product"}],"about":[{"href":"https:\/\/entrecores.com.br\/shop\/wp-json\/wp\/v2\/types\/product"}],"wp:featuredmedia":[{"embeddable":true,"href":"https:\/\/entrecores.com.br\/shop\/wp-json\/wp\/v2\/media\/362"}],"wp:attachment":[{"href":"https:\/\/entrecores.com.br\/shop\/wp-json\/wp\/v2\/media?parent=158"}],"wp:term":[{"taxonomy":"product_cat","embeddable":true,"href":"https:\/\/entrecores.com.br\/shop\/wp-json\/wp\/v2\/product_cat?post=158"},{"taxonomy":"product_tag","embeddable":true,"href":"https:\/\/entrecores.com.br\/shop\/wp-json\/wp\/v2\/product_tag?post=158"}],"curies":[{"name":"wp","href":"https:\/\/api.w.org\/{rel}","templated":true}]}}