{"id":26,"date":"2016-04-18T10:34:31","date_gmt":"2016-04-18T13:34:31","guid":{"rendered":"https:\/\/entrecores.com.br\/shop\/\/?post_type=product&#038;p=26"},"modified":"2025-08-28T15:58:55","modified_gmt":"2025-08-28T18:58:55","slug":"sao-paulo-a-noite","status":"publish","type":"product","link":"https:\/\/entrecores.com.br\/shop\/produto\/sao-paulo-a-noite\/","title":{"rendered":"S\u00e3o Paulo \u00e0 Noite  (cole\u00e7\u00e3o particular)"},"content":{"rendered":"<p>Cole\u00e7\u00e3o particular<\/p>\n","protected":false},"excerpt":{"rendered":"<p>Dimens\u00f5es:\u00a078 x 57 cm &#8230; <\/p>\n","protected":false},"featured_media":27,"template":"","meta":[],"product_cat":[8],"product_tag":[],"class_list":{"0":"post-26","1":"product","2":"type-product","3":"status-publish","4":"has-post-thumbnail","6":"product_cat-as-cidades","8":"first","9":"instock","10":"shipping-taxable","11":"purchasable","12":"product-type-simple"},"_links":{"self":[{"href":"https:\/\/entrecores.com.br\/shop\/wp-json\/wp\/v2\/product\/26"}],"collection":[{"href":"https:\/\/entrecores.com.br\/shop\/wp-json\/wp\/v2\/product"}],"about":[{"href":"https:\/\/entrecores.com.br\/shop\/wp-json\/wp\/v2\/types\/product"}],"wp:featuredmedia":[{"embeddable":true,"href":"https:\/\/entrecores.com.br\/shop\/wp-json\/wp\/v2\/media\/27"}],"wp:attachment":[{"href":"https:\/\/entrecores.com.br\/shop\/wp-json\/wp\/v2\/media?parent=26"}],"wp:term":[{"taxonomy":"product_cat","embeddable":true,"href":"https:\/\/entrecores.com.br\/shop\/wp-json\/wp\/v2\/product_cat?post=26"},{"taxonomy":"product_tag","embeddable":true,"href":"https:\/\/entrecores.com.br\/shop\/wp-json\/wp\/v2\/product_tag?post=26"}],"curies":[{"name":"wp","href":"https:\/\/api.w.org\/{rel}","templated":true}]}}