{"id":395,"date":"2016-12-06T17:14:09","date_gmt":"2016-12-06T19:14:09","guid":{"rendered":"https:\/\/entrecores.com.br\/shop\/\/produto\/colagem-ii\/"},"modified":"2025-08-28T11:35:51","modified_gmt":"2025-08-28T14:35:51","slug":"colagem-ii","status":"publish","type":"product","link":"https:\/\/entrecores.com.br\/shop\/produto\/colagem-ii\/","title":{"rendered":"Colagem II (cole\u00e7\u00e3o particular)"},"content":{"rendered":"","protected":false},"excerpt":{"rendered":"<p>Dimens\u00f5es:\u00a045 x 64 cm &#8230; <\/p>\n","protected":false},"featured_media":396,"template":"","meta":[],"product_cat":[28],"product_tag":[],"class_list":{"0":"post-395","1":"product","2":"type-product","3":"status-publish","4":"has-post-thumbnail","6":"product_cat-colagens-e-desenhos","8":"first","9":"instock","10":"shipping-taxable","11":"purchasable","12":"product-type-simple"},"_links":{"self":[{"href":"https:\/\/entrecores.com.br\/shop\/wp-json\/wp\/v2\/product\/395"}],"collection":[{"href":"https:\/\/entrecores.com.br\/shop\/wp-json\/wp\/v2\/product"}],"about":[{"href":"https:\/\/entrecores.com.br\/shop\/wp-json\/wp\/v2\/types\/product"}],"wp:featuredmedia":[{"embeddable":true,"href":"https:\/\/entrecores.com.br\/shop\/wp-json\/wp\/v2\/media\/396"}],"wp:attachment":[{"href":"https:\/\/entrecores.com.br\/shop\/wp-json\/wp\/v2\/media?parent=395"}],"wp:term":[{"taxonomy":"product_cat","embeddable":true,"href":"https:\/\/entrecores.com.br\/shop\/wp-json\/wp\/v2\/product_cat?post=395"},{"taxonomy":"product_tag","embeddable":true,"href":"https:\/\/entrecores.com.br\/shop\/wp-json\/wp\/v2\/product_tag?post=395"}],"curies":[{"name":"wp","href":"https:\/\/api.w.org\/{rel}","templated":true}]}}