{"id":610,"date":"2021-02-09T15:07:50","date_gmt":"2021-02-09T18:07:50","guid":{"rendered":"https:\/\/entrecores.com.br\/shop\/\/?post_type=product&#038;p=610"},"modified":"2025-08-28T11:29:35","modified_gmt":"2025-08-28T14:29:35","slug":"reflexao","status":"publish","type":"product","link":"https:\/\/entrecores.com.br\/shop\/produto\/reflexao\/","title":{"rendered":"Reflex\u00e3o"},"content":{"rendered":"","protected":false},"excerpt":{"rendered":"<p><strong><u>COLE\u00c7\u00c3O PARTICULAR<\/u><\/strong><\/p>\n<p>Dimens\u00f5es:\u00a023 x 32 cm. &#8230; <\/p>\n","protected":false},"featured_media":622,"template":"","meta":[],"product_cat":[44],"product_tag":[],"class_list":{"0":"post-610","1":"product","2":"type-product","3":"status-publish","4":"has-post-thumbnail","6":"product_cat-aquarelas","8":"first","9":"instock","10":"shipping-taxable","11":"purchasable","12":"product-type-simple"},"_links":{"self":[{"href":"https:\/\/entrecores.com.br\/shop\/wp-json\/wp\/v2\/product\/610"}],"collection":[{"href":"https:\/\/entrecores.com.br\/shop\/wp-json\/wp\/v2\/product"}],"about":[{"href":"https:\/\/entrecores.com.br\/shop\/wp-json\/wp\/v2\/types\/product"}],"wp:featuredmedia":[{"embeddable":true,"href":"https:\/\/entrecores.com.br\/shop\/wp-json\/wp\/v2\/media\/622"}],"wp:attachment":[{"href":"https:\/\/entrecores.com.br\/shop\/wp-json\/wp\/v2\/media?parent=610"}],"wp:term":[{"taxonomy":"product_cat","embeddable":true,"href":"https:\/\/entrecores.com.br\/shop\/wp-json\/wp\/v2\/product_cat?post=610"},{"taxonomy":"product_tag","embeddable":true,"href":"https:\/\/entrecores.com.br\/shop\/wp-json\/wp\/v2\/product_tag?post=610"}],"curies":[{"name":"wp","href":"https:\/\/api.w.org\/{rel}","templated":true}]}}