{"id":84,"date":"2016-04-18T15:00:42","date_gmt":"2016-04-18T18:00:42","guid":{"rendered":"https:\/\/entrecores.com.br\/shop\/\/produto\/ligacoes\/"},"modified":"2025-08-28T11:39:46","modified_gmt":"2025-08-28T14:39:46","slug":"ligacoes","status":"publish","type":"product","link":"https:\/\/entrecores.com.br\/shop\/produto\/ligacoes\/","title":{"rendered":"Liga\u00e7\u00f5es"},"content":{"rendered":"","protected":false},"excerpt":{"rendered":"<p>Dimens\u00f5es:\u00a0120 x 90 cm &#8230; <\/p>\n","protected":false},"featured_media":85,"template":"","meta":[],"product_cat":[9],"product_tag":[],"class_list":{"0":"post-84","1":"product","2":"type-product","3":"status-publish","4":"has-post-thumbnail","6":"product_cat-as-pessoas","8":"first","9":"instock","10":"shipping-taxable","11":"purchasable","12":"product-type-simple"},"_links":{"self":[{"href":"https:\/\/entrecores.com.br\/shop\/wp-json\/wp\/v2\/product\/84"}],"collection":[{"href":"https:\/\/entrecores.com.br\/shop\/wp-json\/wp\/v2\/product"}],"about":[{"href":"https:\/\/entrecores.com.br\/shop\/wp-json\/wp\/v2\/types\/product"}],"wp:featuredmedia":[{"embeddable":true,"href":"https:\/\/entrecores.com.br\/shop\/wp-json\/wp\/v2\/media\/85"}],"wp:attachment":[{"href":"https:\/\/entrecores.com.br\/shop\/wp-json\/wp\/v2\/media?parent=84"}],"wp:term":[{"taxonomy":"product_cat","embeddable":true,"href":"https:\/\/entrecores.com.br\/shop\/wp-json\/wp\/v2\/product_cat?post=84"},{"taxonomy":"product_tag","embeddable":true,"href":"https:\/\/entrecores.com.br\/shop\/wp-json\/wp\/v2\/product_tag?post=84"}],"curies":[{"name":"wp","href":"https:\/\/api.w.org\/{rel}","templated":true}]}}